{"id":25,"date":"2025-02-09T19:28:33","date_gmt":"2025-02-09T18:28:33","guid":{"rendered":"https:\/\/michael-brecht.de\/?page_id=25"},"modified":"2025-02-24T19:39:35","modified_gmt":"2025-02-24T18:39:35","slug":"ueber-mich","status":"publish","type":"page","link":"https:\/\/michael-brecht.de\/index.php\/ueber-mich\/","title":{"rendered":"\u00dcber mich"},"content":{"rendered":"\n<figure class=\"wp-block-image alignright size-large is-resized\" style=\"margin-top:0;margin-right:var(--wp--preset--spacing--80);margin-bottom:0;margin-left:var(--wp--preset--spacing--80)\"><img decoding=\"async\" width=\"473\" height=\"1024\" data-src=\"https:\/\/michael-brecht.de\/wp-content\/uploads\/2025\/02\/me_Website_about_me-473x1024.png\" alt=\"\" class=\"wp-image-83 lazyload\" style=\"--smush-placeholder-width: 473px; --smush-placeholder-aspect-ratio: 473\/1024;width:190px;height:auto\" data-srcset=\"https:\/\/michael-brecht.de\/wp-content\/uploads\/2025\/02\/me_Website_about_me-473x1024.png 473w, https:\/\/michael-brecht.de\/wp-content\/uploads\/2025\/02\/me_Website_about_me-139x300.png 139w, https:\/\/michael-brecht.de\/wp-content\/uploads\/2025\/02\/me_Website_about_me-768x1662.png 768w, https:\/\/michael-brecht.de\/wp-content\/uploads\/2025\/02\/me_Website_about_me-710x1536.png 710w, https:\/\/michael-brecht.de\/wp-content\/uploads\/2025\/02\/me_Website_about_me-946x2048.png 946w, https:\/\/michael-brecht.de\/wp-content\/uploads\/2025\/02\/me_Website_about_me.png 1170w\" data-sizes=\"(max-width: 473px) 100vw, 473px\" src=\"data:image\/svg+xml;base64,PHN2ZyB3aWR0aD0iMSIgaGVpZ2h0PSIxIiB4bWxucz0iaHR0cDovL3d3dy53My5vcmcvMjAwMC9zdmciPjwvc3ZnPg==\" \/><\/figure>\n\n\n\n<p>&#8222;Klug ist jener, der Schweres einfach sagt.&#8220;<\/p>\n\n\n\n<p>&#8222;Das Streben nach sozialer Gerechtigkeit ist das Wertvollste im Leben.&#8220;<\/p>\n\n\n\n<p>&#8222;Probleme kann man niemals mit derselben Denkweise l\u00f6sen, durch die sie entstanden sind.&#8220;<\/p>\n\n\n\n<p>&#8222;Der Mensch erfand die Atombombe, doch keine Maus der Welt w\u00fcrde eine Mausefalle konstruieren.&#8220;<\/p>\n\n\n\n<p>&#8222;Gl\u00fcck ist, was l\u00e4cheln macht, was Angst, Sorge, Ungewissheit vertreibt und inneren Frieden schenkt.&#8220;<\/p>\n\n\n\n<p>-Albert Einstein<\/p>\n\n\n\n<p><\/p>\n\n\n\n<p>Name: Michael Brecht<\/p>\n\n\n\n<p>Beruf: IT-Systemadministrator<\/p>\n\n\n\n<p>Hobbys: Handball, Fahrrad fahren<\/p>\n\n\n\n<p><\/p>\n\n\n\n<p><em>Wie bin ich zur Politik gekommen?<\/em><\/p>\n\n\n\n<p>Meckern kann jeder, jedoch bedarf es einiger Anstrengung und Arbeit um etwas zu ver\u00e4ndern. Diese Aufgabe m\u00f6chte ich mir nun stellen. St\u00e4ndig h\u00f6re ich tolle Parolen von Politikern, Vorschl\u00e4ge die wissenschaftlich schon l\u00e4ngst widerlegt worden sind, gro\u00dfe Spr\u00fcche werden geklopft aber am Ende kommt keine Verbesserung f\u00fcr uns alle. Dies ist meine Motivation. Ich m\u00f6chte mich nicht mit anderen Politikern duellieren, sondern Ursachen von Problemen finden und diese dann abstellen. Gerade aus dem IT-Bereich kenne ich es zu Gen\u00fcge, dass einfach Workarounds genommen werden, um ein Symptom zu bek\u00e4mpfen. Dieses Provisorium f\u00e4llt einem fr\u00fcher oder sp\u00e4ter wieder auf die F\u00fc\u00dfe. Daher ist mein Ansinnen immer die Ursache zu verstehen und genau dort anzusetzen. Nur so kann man eine wirkliche L\u00f6sung finden.<\/p>\n\n\n\n<p><\/p>\n\n\n\n<p><em>Wieso die PdF?<\/em><\/p>\n\n\n\n<p>Ich komme aus einer SPD-Familie. Nachdem ich von der sozialen Politik der SPD entt\u00e4uscht wurde, schlug es mich kurzzeitig zu den Gr\u00fcnen. Auch hier fand ich leider nur kleine Punkte die zu meiner politischen \u00dcberzeugung passten. Nach langer Pause wurde ich durch mein Wahl-O-Mat Ergebnis und einen Bekannten auf die Partei des Fortschritts aufmerksam. Politik ohne gro\u00dfe Parolen? Politiker die sich selbst nicht wichtiger nehmen als die Bed\u00fcrfnisse\/W\u00fcnsche der Menschen in unserem Land? Durchdachte und umsetzbare Konzepte? Klingt sehr interessant. In einem ersten Gespr\u00e4ch wurde ich dann von der PdF \u00fcberzeugt und konnte ebenso die Partei \u00fcberzeugen, dass wir gut zusammen passen. Ja, es ist (noch) eine Kleinpartei, jedoch ist ein starker Trend zu genau diesen Parteien zu verzeichnen. Ich bin jedenfalls der festen \u00dcberzeugung, dass die PdF genau die richtigen Ans\u00e4tze verfolgt, um unser Land stark f\u00fcr die Zukunft zu machen.<\/p>\n","protected":false},"excerpt":{"rendered":"<p>&#8222;Klug ist jener, der Schweres einfach sagt.&#8220; &#8222;Das Streben nach sozialer Gerechtigkeit ist das Wertvollste im Leben.&#8220; &#8222;Probleme kann man niemals mit derselben Denkweise l\u00f6sen, durch die sie entstanden sind.&#8220; &#8222;Der Mensch erfand die Atombombe, doch keine Maus der Welt w\u00fcrde eine Mausefalle konstruieren.&#8220; &#8222;Gl\u00fcck ist, was l\u00e4cheln macht, was Angst, Sorge, Ungewissheit vertreibt und [&hellip;]<\/p>\n","protected":false},"author":1,"featured_media":0,"parent":0,"menu_order":0,"comment_status":"closed","ping_status":"closed","template":"","meta":{"footnotes":""},"class_list":["post-25","page","type-page","status-publish","hentry"],"_links":{"self":[{"href":"https:\/\/michael-brecht.de\/index.php\/wp-json\/wp\/v2\/pages\/25","targetHints":{"allow":["GET"]}}],"collection":[{"href":"https:\/\/michael-brecht.de\/index.php\/wp-json\/wp\/v2\/pages"}],"about":[{"href":"https:\/\/michael-brecht.de\/index.php\/wp-json\/wp\/v2\/types\/page"}],"author":[{"embeddable":true,"href":"https:\/\/michael-brecht.de\/index.php\/wp-json\/wp\/v2\/users\/1"}],"replies":[{"embeddable":true,"href":"https:\/\/michael-brecht.de\/index.php\/wp-json\/wp\/v2\/comments?post=25"}],"version-history":[{"count":8,"href":"https:\/\/michael-brecht.de\/index.php\/wp-json\/wp\/v2\/pages\/25\/revisions"}],"predecessor-version":[{"id":201,"href":"https:\/\/michael-brecht.de\/index.php\/wp-json\/wp\/v2\/pages\/25\/revisions\/201"}],"wp:attachment":[{"href":"https:\/\/michael-brecht.de\/index.php\/wp-json\/wp\/v2\/media?parent=25"}],"curies":[{"name":"wp","href":"https:\/\/api.w.org\/{rel}","templated":true}]}}